{"id":61,"date":"2023-05-17T10:49:39","date_gmt":"2023-05-17T13:49:39","guid":{"rendered":"http:\/\/consulteumadvogado.com.br\/?page_id=61"},"modified":"2023-05-17T10:49:57","modified_gmt":"2023-05-17T13:49:57","slug":"tributario-administrativo","status":"publish","type":"page","link":"http:\/\/consulteumadvogado.com.br\/index.php\/areas-de-atuacao\/tributario-administrativo\/","title":{"rendered":"Tribut\u00e1rio \/ Administrativo"},"content":{"rendered":"\n<p class=\"has-blue-color has-text-color has-normal-font-size\">Especialidades e Servi\u00e7os<\/p>\n\n\n\n<ul class=\"wp-block-list\">\n<li>ICMS, ISS, COFINS, etc<\/li>\n\n\n\n<li>Imposto de Renda<\/li>\n\n\n\n<li>Revis\u00e3o Fiscal de Benef\u00edcios vinculada \u00e0 recupera\u00e7\u00e3o de tributos pagos indevidamente.<\/li>\n\n\n\n<li>Defesas de Autos de Infra\u00e7\u00e3o relativos a d\u00e9bitos fiscais Federais, Estaduais e Municipais<\/li>\n\n\n\n<li>Defesas Judiciais em Execu\u00e7\u00f5es Fiscais.<\/li>\n\n\n\n<li>Promo\u00e7\u00e3o de medidas judiciais e administrativas na \u00e1rea tribut\u00e1ria em todas as inst\u00e2ncias visando economia, recupera\u00e7\u00e3o de tributos<\/li>\n\n\n\n<li>Assessoria em assuntos de natureza societ\u00e1ria: aquisi\u00e7\u00e3o, fus\u00e3o, incorpora\u00e7\u00e3o etc<\/li>\n\n\n\n<li>Planejamento Tribut\u00e1rio<\/li>\n\n\n\n<li>Representa\u00e7\u00e3o de Empresas junto a \u00d3rg\u00e3os da Administra\u00e7\u00e3o Direta e Indireta<\/li>\n\n\n\n<li>Orienta\u00e7\u00e3o legal a respeito da legisla\u00e7\u00e3o tribut\u00e1ria espec\u00edfica<\/li>\n\n\n\n<li>Consultoria Tribut\u00e1ria e Administrativa em geral.<\/li>\n<\/ul>\n\n\n\n<p class=\"has-blue-color has-text-color has-normal-font-size\">Consultoria<\/p>\n\n\n\n<ul class=\"wp-block-list\">\n<li>Consultoria permanente na \u00e1rea de impostos indiretos (ICMS, PIS, COFINS, ISS, etc).<\/li>\n\n\n\n<li>Imposto de Renda Pessoa Jur\u00eddica e F\u00edsica: elabora\u00e7\u00e3o, orienta\u00e7\u00e3o e revis\u00e3o<\/li>\n\n\n\n<li>Planejamento tribut\u00e1rio.<\/li>\n\n\n\n<li>Representa\u00e7\u00e3o de Empresas junto a \u00f3rg\u00e3os da Administra\u00e7\u00e3o Direta e Indireta<\/li>\n\n\n\n<li>Orienta\u00e7\u00e3o legal a respeito de legisla\u00e7\u00e3o tribut\u00e1ria espec\u00edfica.<\/li>\n<\/ul>\n","protected":false},"excerpt":{"rendered":"<p>Especialidades e Servi\u00e7os Consultoria<\/p>\n","protected":false},"author":1,"featured_media":0,"parent":36,"menu_order":0,"comment_status":"closed","ping_status":"closed","template":"","meta":{"footnotes":""},"class_list":["post-61","page","type-page","status-publish","hentry"],"_links":{"self":[{"href":"http:\/\/consulteumadvogado.com.br\/index.php\/wp-json\/wp\/v2\/pages\/61","targetHints":{"allow":["GET"]}}],"collection":[{"href":"http:\/\/consulteumadvogado.com.br\/index.php\/wp-json\/wp\/v2\/pages"}],"about":[{"href":"http:\/\/consulteumadvogado.com.br\/index.php\/wp-json\/wp\/v2\/types\/page"}],"author":[{"embeddable":true,"href":"http:\/\/consulteumadvogado.com.br\/index.php\/wp-json\/wp\/v2\/users\/1"}],"replies":[{"embeddable":true,"href":"http:\/\/consulteumadvogado.com.br\/index.php\/wp-json\/wp\/v2\/comments?post=61"}],"version-history":[{"count":1,"href":"http:\/\/consulteumadvogado.com.br\/index.php\/wp-json\/wp\/v2\/pages\/61\/revisions"}],"predecessor-version":[{"id":62,"href":"http:\/\/consulteumadvogado.com.br\/index.php\/wp-json\/wp\/v2\/pages\/61\/revisions\/62"}],"up":[{"embeddable":true,"href":"http:\/\/consulteumadvogado.com.br\/index.php\/wp-json\/wp\/v2\/pages\/36"}],"wp:attachment":[{"href":"http:\/\/consulteumadvogado.com.br\/index.php\/wp-json\/wp\/v2\/media?parent=61"}],"curies":[{"name":"wp","href":"https:\/\/api.w.org\/{rel}","templated":true}]}}