{"id":59,"date":"2023-05-17T10:48:16","date_gmt":"2023-05-17T13:48:16","guid":{"rendered":"http:\/\/consulteumadvogado.com.br\/?page_id=59"},"modified":"2023-05-17T10:48:40","modified_gmt":"2023-05-17T13:48:40","slug":"trabalhista","status":"publish","type":"page","link":"http:\/\/consulteumadvogado.com.br\/index.php\/areas-de-atuacao\/trabalhista\/","title":{"rendered":"Trabalhista"},"content":{"rendered":"\n<p class=\"has-blue-color has-text-color has-normal-font-size\">Especialidades e Servi\u00e7os<\/p>\n\n\n\n<ul class=\"wp-block-list\">\n<li>Elabora\u00e7\u00e3o de Contratos de trabalho<\/li>\n\n\n\n<li>Negocia\u00e7\u00e3o Sindical<\/li>\n\n\n\n<li>Conven\u00e7\u00f5es, Acordos e Diss\u00eddios coletivos<\/li>\n\n\n\n<li>A\u00e7\u00f5es Judiciais, Reclama\u00e7\u00f5es e Defesas<\/li>\n\n\n\n<li>Doen\u00e7as Ocupacionais<\/li>\n\n\n\n<li>Acidentes do Trabalho<\/li>\n<\/ul>\n\n\n\n<p class=\"has-blue-color has-text-color has-normal-font-size\">Consultoria<\/p>\n\n\n\n<ul class=\"wp-block-list\">\n<li>Consultoria permanente dos procedimentos e rotinas trabalhistas.<\/li>\n\n\n\n<li>Orienta\u00e7\u00e3o e revis\u00e3o da folha de pagamento.<\/li>\n\n\n\n<li>An\u00e1lise e verifica\u00e7\u00e3o dos encargos sociais e trabalhistas.<\/li>\n\n\n\n<li>Revis\u00e3o preventiva de conting\u00eancias fiscais trabalhistas, previdenci\u00e1rias e secund\u00e1rias<\/li>\n\n\n\n<li>Assessoria a empresas e Defesas Judiciais.<\/li>\n<\/ul>\n","protected":false},"excerpt":{"rendered":"<p>Especialidades e Servi\u00e7os Consultoria<\/p>\n","protected":false},"author":1,"featured_media":0,"parent":36,"menu_order":0,"comment_status":"closed","ping_status":"closed","template":"","meta":{"footnotes":""},"class_list":["post-59","page","type-page","status-publish","hentry"],"_links":{"self":[{"href":"http:\/\/consulteumadvogado.com.br\/index.php\/wp-json\/wp\/v2\/pages\/59","targetHints":{"allow":["GET"]}}],"collection":[{"href":"http:\/\/consulteumadvogado.com.br\/index.php\/wp-json\/wp\/v2\/pages"}],"about":[{"href":"http:\/\/consulteumadvogado.com.br\/index.php\/wp-json\/wp\/v2\/types\/page"}],"author":[{"embeddable":true,"href":"http:\/\/consulteumadvogado.com.br\/index.php\/wp-json\/wp\/v2\/users\/1"}],"replies":[{"embeddable":true,"href":"http:\/\/consulteumadvogado.com.br\/index.php\/wp-json\/wp\/v2\/comments?post=59"}],"version-history":[{"count":1,"href":"http:\/\/consulteumadvogado.com.br\/index.php\/wp-json\/wp\/v2\/pages\/59\/revisions"}],"predecessor-version":[{"id":60,"href":"http:\/\/consulteumadvogado.com.br\/index.php\/wp-json\/wp\/v2\/pages\/59\/revisions\/60"}],"up":[{"embeddable":true,"href":"http:\/\/consulteumadvogado.com.br\/index.php\/wp-json\/wp\/v2\/pages\/36"}],"wp:attachment":[{"href":"http:\/\/consulteumadvogado.com.br\/index.php\/wp-json\/wp\/v2\/media?parent=59"}],"curies":[{"name":"wp","href":"https:\/\/api.w.org\/{rel}","templated":true}]}}