{"id":57,"date":"2023-05-17T10:46:29","date_gmt":"2023-05-17T13:46:29","guid":{"rendered":"http:\/\/consulteumadvogado.com.br\/?page_id=57"},"modified":"2023-08-31T14:09:28","modified_gmt":"2023-08-31T17:09:28","slug":"penal","status":"publish","type":"page","link":"http:\/\/consulteumadvogado.com.br\/index.php\/areas-de-atuacao\/penal\/","title":{"rendered":"Penal"},"content":{"rendered":"\n<p class=\"has-blue-color has-text-color has-normal-font-size\">Especialidades e Servi\u00e7os<\/p>\n\n\n\n<ul class=\"wp-block-list\">\n<li>Crimes contra a ordem tribut\u00e1ria<\/li>\n\n\n\n<li>Crimes contra as Rela\u00e7\u00f5es de Consumo<\/li>\n\n\n\n<li>Crimes contra o Sistema Financeiro<\/li>\n\n\n\n<li>Crimes contra o Patrim\u00f4nio Empresarial<\/li>\n\n\n\n<li>Crimes previdenci\u00e1rios<\/li>\n\n\n\n<li>Atua\u00e7\u00e3o no Tribunal do J\u00fari<\/li>\n<\/ul>\n\n\n\n<p class=\"has-blue-color has-text-color has-normal-font-size\">Consultoria<\/p>\n\n\n\n<ul class=\"wp-block-list\">\n<li>Acompanhamento de Inqu\u00e9ritos Policiais e Processos Judiciais.<\/li>\n\n\n\n<li>Atua\u00e7\u00e3o junto \u00e0s esferas Estadual e Federal.<\/li>\n<\/ul>\n","protected":false},"excerpt":{"rendered":"<p>Especialidades e Servi\u00e7os Consultoria<\/p>\n","protected":false},"author":1,"featured_media":0,"parent":36,"menu_order":0,"comment_status":"closed","ping_status":"closed","template":"","meta":{"footnotes":""},"class_list":["post-57","page","type-page","status-publish","hentry"],"_links":{"self":[{"href":"http:\/\/consulteumadvogado.com.br\/index.php\/wp-json\/wp\/v2\/pages\/57","targetHints":{"allow":["GET"]}}],"collection":[{"href":"http:\/\/consulteumadvogado.com.br\/index.php\/wp-json\/wp\/v2\/pages"}],"about":[{"href":"http:\/\/consulteumadvogado.com.br\/index.php\/wp-json\/wp\/v2\/types\/page"}],"author":[{"embeddable":true,"href":"http:\/\/consulteumadvogado.com.br\/index.php\/wp-json\/wp\/v2\/users\/1"}],"replies":[{"embeddable":true,"href":"http:\/\/consulteumadvogado.com.br\/index.php\/wp-json\/wp\/v2\/comments?post=57"}],"version-history":[{"count":2,"href":"http:\/\/consulteumadvogado.com.br\/index.php\/wp-json\/wp\/v2\/pages\/57\/revisions"}],"predecessor-version":[{"id":138,"href":"http:\/\/consulteumadvogado.com.br\/index.php\/wp-json\/wp\/v2\/pages\/57\/revisions\/138"}],"up":[{"embeddable":true,"href":"http:\/\/consulteumadvogado.com.br\/index.php\/wp-json\/wp\/v2\/pages\/36"}],"wp:attachment":[{"href":"http:\/\/consulteumadvogado.com.br\/index.php\/wp-json\/wp\/v2\/media?parent=57"}],"curies":[{"name":"wp","href":"https:\/\/api.w.org\/{rel}","templated":true}]}}