{"id":55,"date":"2023-05-17T10:45:07","date_gmt":"2023-05-17T13:45:07","guid":{"rendered":"http:\/\/consulteumadvogado.com.br\/?page_id=55"},"modified":"2023-05-17T10:45:35","modified_gmt":"2023-05-17T13:45:35","slug":"familia-e-sucessoes","status":"publish","type":"page","link":"http:\/\/consulteumadvogado.com.br\/index.php\/areas-de-atuacao\/familia-e-sucessoes\/","title":{"rendered":"Fam\u00edlia e Sucess\u00f5es"},"content":{"rendered":"\n<p class=\"has-blue-color has-text-color has-normal-font-size\">Especialidades e Servi\u00e7os<\/p>\n\n\n\n<ul class=\"wp-block-list\">\n<li>Separa\u00e7\u00e3o consensual e judicial<\/li>\n\n\n\n<li>Div\u00f3rcio<\/li>\n\n\n\n<li>Guarda de Menores, Regulamenta\u00e7\u00e3o de Visitas<\/li>\n\n\n\n<li>Pens\u00f5es Aliment\u00edcias, Revisionais<\/li>\n\n\n\n<li>Partilhas<\/li>\n\n\n\n<li>Invent\u00e1rios, Arrolamentos<\/li>\n\n\n\n<li>Testamentos<\/li>\n\n\n\n<li>Elabora\u00e7\u00e3o de Contratos, Uni\u00e3o Est\u00e1vel<\/li>\n\n\n\n<li>Investiga\u00e7\u00e3o de Paternidade<\/li>\n\n\n\n<li>Uni\u00e3o Homoafetiva<\/li>\n<\/ul>\n\n\n\n<p class=\"has-blue-color has-text-color has-normal-font-size\">Consultas<\/p>\n\n\n\n<ul class=\"wp-block-list\">\n<li>Processos de separa\u00e7\u00e3o, arrolamento, invent\u00e1rios, alvar\u00e1s e outros.<\/li>\n\n\n\n<li>Elabora\u00e7\u00e3o e an\u00e1lise de testamentos.<\/li>\n<\/ul>\n","protected":false},"excerpt":{"rendered":"<p>Especialidades e Servi\u00e7os Consultas<\/p>\n","protected":false},"author":1,"featured_media":0,"parent":36,"menu_order":0,"comment_status":"closed","ping_status":"closed","template":"","meta":{"footnotes":""},"class_list":["post-55","page","type-page","status-publish","hentry"],"_links":{"self":[{"href":"http:\/\/consulteumadvogado.com.br\/index.php\/wp-json\/wp\/v2\/pages\/55","targetHints":{"allow":["GET"]}}],"collection":[{"href":"http:\/\/consulteumadvogado.com.br\/index.php\/wp-json\/wp\/v2\/pages"}],"about":[{"href":"http:\/\/consulteumadvogado.com.br\/index.php\/wp-json\/wp\/v2\/types\/page"}],"author":[{"embeddable":true,"href":"http:\/\/consulteumadvogado.com.br\/index.php\/wp-json\/wp\/v2\/users\/1"}],"replies":[{"embeddable":true,"href":"http:\/\/consulteumadvogado.com.br\/index.php\/wp-json\/wp\/v2\/comments?post=55"}],"version-history":[{"count":1,"href":"http:\/\/consulteumadvogado.com.br\/index.php\/wp-json\/wp\/v2\/pages\/55\/revisions"}],"predecessor-version":[{"id":56,"href":"http:\/\/consulteumadvogado.com.br\/index.php\/wp-json\/wp\/v2\/pages\/55\/revisions\/56"}],"up":[{"embeddable":true,"href":"http:\/\/consulteumadvogado.com.br\/index.php\/wp-json\/wp\/v2\/pages\/36"}],"wp:attachment":[{"href":"http:\/\/consulteumadvogado.com.br\/index.php\/wp-json\/wp\/v2\/media?parent=55"}],"curies":[{"name":"wp","href":"https:\/\/api.w.org\/{rel}","templated":true}]}}