{"id":53,"date":"2023-05-17T10:43:34","date_gmt":"2023-05-17T13:43:34","guid":{"rendered":"http:\/\/consulteumadvogado.com.br\/?page_id=53"},"modified":"2023-05-17T10:43:47","modified_gmt":"2023-05-17T13:43:47","slug":"comercial-falimentar","status":"publish","type":"page","link":"http:\/\/consulteumadvogado.com.br\/index.php\/areas-de-atuacao\/comercial-falimentar\/","title":{"rendered":"Comercial \/ Falimentar"},"content":{"rendered":"\n<p class=\"has-blue-color has-text-color has-normal-font-size\">Especialidades e Servi\u00e7os<\/p>\n\n\n\n<ul class=\"wp-block-list\">\n<li>Problemas com d\u00edvidas em Bancos, factoring, aliena\u00e7\u00e3o fiduci\u00e1ria, leasing etc<\/li>\n\n\n\n<li>Lei de Recupera\u00e7\u00e3o Judicial<\/li>\n\n\n\n<li>Execu\u00e7\u00e3o de t\u00edtulos<\/li>\n\n\n\n<li>Elabora\u00e7\u00e3o de contratos comerciais e t\u00edtulos de cr\u00e9dito<\/li>\n\n\n\n<li>Insolv\u00eancia<\/li>\n\n\n\n<li>Habilita\u00e7\u00e3o de cr\u00e9dito<\/li>\n\n\n\n<li>Sociedades an\u00f4nimas, sociedades de responsabilidade limitada<\/li>\n\n\n\n<li>Contratos Sociais, altera\u00e7\u00f5es e distratos de empresas comerciais, industriais e de servi\u00e7os.<\/li>\n\n\n\n<li>Elabora\u00e7\u00e3o de Estatutos S\/A<\/li>\n<\/ul>\n\n\n\n<p class=\"has-blue-color has-text-color has-normal-font-size\">Consultoria<\/p>\n\n\n\n<ul class=\"wp-block-list\">\n<li>Consultoria e an\u00e1lise de contratos, renova\u00e7\u00e3o, etc.<\/li>\n\n\n\n<li>Assessoria em assuntos de natureza societ\u00e1ria, aquisi\u00e7\u00e3o, fus\u00e3o, incorpora\u00e7\u00e3o.<\/li>\n\n\n\n<li>Orienta\u00e7\u00e3o a respeito de pr\u00e1ticas comerciais em geral (compra,<\/li>\n\n\n\n<li>venda, loca\u00e7\u00e3o ou arrendamento mercantil, representa\u00e7\u00e3o comercial,<\/li>\n\n\n\n<li>distribui\u00e7\u00e3o, medidas de prote\u00e7\u00e3o aos credores; C\u00f3digo de Defesa e Prote\u00e7\u00e3o do Consumidor)..<\/li>\n<\/ul>\n","protected":false},"excerpt":{"rendered":"<p>Especialidades e Servi\u00e7os Consultoria<\/p>\n","protected":false},"author":1,"featured_media":0,"parent":36,"menu_order":0,"comment_status":"closed","ping_status":"closed","template":"","meta":{"footnotes":""},"class_list":["post-53","page","type-page","status-publish","hentry"],"_links":{"self":[{"href":"http:\/\/consulteumadvogado.com.br\/index.php\/wp-json\/wp\/v2\/pages\/53","targetHints":{"allow":["GET"]}}],"collection":[{"href":"http:\/\/consulteumadvogado.com.br\/index.php\/wp-json\/wp\/v2\/pages"}],"about":[{"href":"http:\/\/consulteumadvogado.com.br\/index.php\/wp-json\/wp\/v2\/types\/page"}],"author":[{"embeddable":true,"href":"http:\/\/consulteumadvogado.com.br\/index.php\/wp-json\/wp\/v2\/users\/1"}],"replies":[{"embeddable":true,"href":"http:\/\/consulteumadvogado.com.br\/index.php\/wp-json\/wp\/v2\/comments?post=53"}],"version-history":[{"count":1,"href":"http:\/\/consulteumadvogado.com.br\/index.php\/wp-json\/wp\/v2\/pages\/53\/revisions"}],"predecessor-version":[{"id":54,"href":"http:\/\/consulteumadvogado.com.br\/index.php\/wp-json\/wp\/v2\/pages\/53\/revisions\/54"}],"up":[{"embeddable":true,"href":"http:\/\/consulteumadvogado.com.br\/index.php\/wp-json\/wp\/v2\/pages\/36"}],"wp:attachment":[{"href":"http:\/\/consulteumadvogado.com.br\/index.php\/wp-json\/wp\/v2\/media?parent=53"}],"curies":[{"name":"wp","href":"https:\/\/api.w.org\/{rel}","templated":true}]}}