{"id":51,"date":"2023-05-17T10:42:32","date_gmt":"2023-05-17T13:42:32","guid":{"rendered":"http:\/\/consulteumadvogado.com.br\/?page_id=51"},"modified":"2023-05-17T10:42:45","modified_gmt":"2023-05-17T13:42:45","slug":"civil-imobiliario","status":"publish","type":"page","link":"http:\/\/consulteumadvogado.com.br\/index.php\/areas-de-atuacao\/civil-imobiliario\/","title":{"rendered":"Civil \/ Imobili\u00e1rio"},"content":{"rendered":"\n<p class=\"has-blue-color has-text-color has-normal-font-size\">Especialidades e Servi\u00e7os<\/p>\n\n\n\n<ul class=\"wp-block-list\">\n<li>Busca e Apreens\u00e3o<\/li>\n\n\n\n<li>Responsabilidade civil (indeniza\u00e7\u00f5es em geral)<\/li>\n\n\n\n<li>Cautelares<\/li>\n\n\n\n<li>Mandados de Seguran\u00e7a<\/li>\n\n\n\n<li>Contratos em Geral (elabora\u00e7\u00e3o, renova\u00e7\u00e3o, an\u00e1lise e distrato)<\/li>\n\n\n\n<li>Direitos do Consumidor<\/li>\n\n\n\n<li>Direitos Autorais<\/li>\n\n\n\n<li>Loca\u00e7\u00e3o<\/li>\n\n\n\n<li>Despejo<\/li>\n\n\n\n<li>Renovat\u00f3ria<\/li>\n\n\n\n<li>Revisional<\/li>\n\n\n\n<li>Promessa ou Compromisso de Compra e Venda<\/li>\n\n\n\n<li>Hipoteca<\/li>\n\n\n\n<li>Usucapi\u00e3o<\/li>\n\n\n\n<li>Desapropria\u00e7\u00e3o<\/li>\n\n\n\n<li>Consultoria<\/li>\n<\/ul>\n\n\n\n<p class=\"has-blue-color has-text-color has-normal-font-size\">Consultoria<\/p>\n\n\n\n<ul class=\"wp-block-list\">\n<li>Contratos, renova\u00e7\u00e3o, etc.<\/li>\n\n\n\n<li>An\u00e1lise e elabora\u00e7\u00e3o de contratos<\/li>\n<\/ul>\n","protected":false},"excerpt":{"rendered":"<p>Especialidades e Servi\u00e7os Consultoria<\/p>\n","protected":false},"author":1,"featured_media":0,"parent":36,"menu_order":0,"comment_status":"closed","ping_status":"closed","template":"","meta":{"footnotes":""},"class_list":["post-51","page","type-page","status-publish","hentry"],"_links":{"self":[{"href":"http:\/\/consulteumadvogado.com.br\/index.php\/wp-json\/wp\/v2\/pages\/51","targetHints":{"allow":["GET"]}}],"collection":[{"href":"http:\/\/consulteumadvogado.com.br\/index.php\/wp-json\/wp\/v2\/pages"}],"about":[{"href":"http:\/\/consulteumadvogado.com.br\/index.php\/wp-json\/wp\/v2\/types\/page"}],"author":[{"embeddable":true,"href":"http:\/\/consulteumadvogado.com.br\/index.php\/wp-json\/wp\/v2\/users\/1"}],"replies":[{"embeddable":true,"href":"http:\/\/consulteumadvogado.com.br\/index.php\/wp-json\/wp\/v2\/comments?post=51"}],"version-history":[{"count":1,"href":"http:\/\/consulteumadvogado.com.br\/index.php\/wp-json\/wp\/v2\/pages\/51\/revisions"}],"predecessor-version":[{"id":52,"href":"http:\/\/consulteumadvogado.com.br\/index.php\/wp-json\/wp\/v2\/pages\/51\/revisions\/52"}],"up":[{"embeddable":true,"href":"http:\/\/consulteumadvogado.com.br\/index.php\/wp-json\/wp\/v2\/pages\/36"}],"wp:attachment":[{"href":"http:\/\/consulteumadvogado.com.br\/index.php\/wp-json\/wp\/v2\/media?parent=51"}],"curies":[{"name":"wp","href":"https:\/\/api.w.org\/{rel}","templated":true}]}}