{"id":43,"date":"2023-05-17T10:04:38","date_gmt":"2023-05-17T13:04:38","guid":{"rendered":"http:\/\/consulteumadvogado.com.br\/?page_id=43"},"modified":"2023-08-31T13:21:55","modified_gmt":"2023-08-31T16:21:55","slug":"equipe","status":"publish","type":"page","link":"http:\/\/consulteumadvogado.com.br\/index.php\/equipe\/","title":{"rendered":"Equipe"},"content":{"rendered":"\n<p><strong>Roberto Tchirichian<\/strong><br>Advogado inscrito na Ordem dos Advogados do Brasil,<br>sec\u00e7\u00e3o de S\u00e3o Paulo, sob o n\u00ba 73.390<br><a href=\"mailto:roberto@consulteumadvogado.com.br?subject=de%20site_NossaEquipe\">roberto@consulteumadvogado.com.br<\/a><\/p>\n\n\n\n<p><strong>Ana Paula Leandro<\/strong><br>Advogada inscrita na Ordem dos Advogados do Brasil,<br>sec\u00e7\u00e3o de S\u00e3o Paulo, sob o n\u00ba 191.582<br><a href=\"mailto:anapaula@consulteumadvogado.com.br?subject=de%20site_NossaEquipe\">saj@consulteumadvogado.com.br<\/a><\/p>\n\n\n\n<p><strong>Eliete Leandro<\/strong><br>Advogada inscrita na Ordem dos Advogados do Brasil,<br>sec\u00e7\u00e3o de S\u00e3o Paulo, sob o n\u00ba 148.638<br><a href=\"mailto:anapaula@consulteumadvogado.com.br?subject=de%20site_NossaEquipe\">saj@consulteumadvogado.com.br<\/a><\/p>\n\n\n\n<p><strong>Cl\u00e9lia Pereira<\/strong><br>Advogada inscrita na Ordem dos Advogados do Brasil,<br>sec\u00e7\u00e3o de S\u00e3o Paulo, sob o n\u00ba 393.199<br><a href=\"mailto:anapaula@consulteumadvogado.com.br?subject=de%20site_NossaEquipe\">saj@consulteumadvogado.com.br<\/a><\/p>\n","protected":false},"excerpt":{"rendered":"<p>Roberto TchirichianAdvogado inscrito na Ordem dos Advogados do Brasil,sec\u00e7\u00e3o de S\u00e3o Paulo, sob o n\u00ba 73.390roberto@consulteumadvogado.com.br Ana Paula LeandroAdvogada inscrita na Ordem dos Advogados do Brasil,sec\u00e7\u00e3o de S\u00e3o Paulo, sob <a class=\"more-link\" href=\"http:\/\/consulteumadvogado.com.br\/index.php\/equipe\/\">Continue Reading &rarr;<\/a><\/p>\n","protected":false},"author":1,"featured_media":0,"parent":0,"menu_order":0,"comment_status":"closed","ping_status":"closed","template":"","meta":{"footnotes":""},"class_list":["post-43","page","type-page","status-publish","hentry"],"_links":{"self":[{"href":"http:\/\/consulteumadvogado.com.br\/index.php\/wp-json\/wp\/v2\/pages\/43","targetHints":{"allow":["GET"]}}],"collection":[{"href":"http:\/\/consulteumadvogado.com.br\/index.php\/wp-json\/wp\/v2\/pages"}],"about":[{"href":"http:\/\/consulteumadvogado.com.br\/index.php\/wp-json\/wp\/v2\/types\/page"}],"author":[{"embeddable":true,"href":"http:\/\/consulteumadvogado.com.br\/index.php\/wp-json\/wp\/v2\/users\/1"}],"replies":[{"embeddable":true,"href":"http:\/\/consulteumadvogado.com.br\/index.php\/wp-json\/wp\/v2\/comments?post=43"}],"version-history":[{"count":2,"href":"http:\/\/consulteumadvogado.com.br\/index.php\/wp-json\/wp\/v2\/pages\/43\/revisions"}],"predecessor-version":[{"id":130,"href":"http:\/\/consulteumadvogado.com.br\/index.php\/wp-json\/wp\/v2\/pages\/43\/revisions\/130"}],"wp:attachment":[{"href":"http:\/\/consulteumadvogado.com.br\/index.php\/wp-json\/wp\/v2\/media?parent=43"}],"curies":[{"name":"wp","href":"https:\/\/api.w.org\/{rel}","templated":true}]}}