{"id":36,"date":"2023-05-17T09:59:19","date_gmt":"2023-05-17T12:59:19","guid":{"rendered":"http:\/\/consulteumadvogado.com.br\/?page_id=36"},"modified":"2023-08-31T14:21:45","modified_gmt":"2023-08-31T17:21:45","slug":"areas-de-atuacao","status":"publish","type":"page","link":"http:\/\/consulteumadvogado.com.br\/index.php\/areas-de-atuacao\/","title":{"rendered":"\u00c1reas de Atua\u00e7\u00e3o"},"content":{"rendered":"\n<p>Com mais de 30 anos de experi\u00eancia e muitos casos de relev\u00e2ncia, a Tchirichian Advogados Associados atua nas seguintes \u00e1reas:<\/p>\n\n\n\n<ul class=\"wp-block-list\">\n<li><a href=\"http:\/\/consulteumadvogado.com.br\/index.php\/areas-de-atuacao\/civil-imobiliario\/\" data-type=\"page\" data-id=\"51\">Civil \/ Imobili\u00e1rio<\/a><\/li>\n\n\n\n<li><a href=\"http:\/\/consulteumadvogado.com.br\/index.php\/areas-de-atuacao\/comercial-falimentar\/\" data-type=\"page\" data-id=\"53\">Comercial \/ Fal\u00eancias<\/a><\/li>\n\n\n\n<li><a href=\"http:\/\/consulteumadvogado.com.br\/index.php\/areas-de-atuacao\/empresarial\/\" data-type=\"page\" data-id=\"99\">Empresarial<\/a><\/li>\n\n\n\n<li><a href=\"http:\/\/consulteumadvogado.com.br\/index.php\/areas-de-atuacao\/familia-e-sucessoes\/\" data-type=\"page\" data-id=\"55\">Fam\u00edlia e Sucess\u00f5es<\/a><\/li>\n\n\n\n<li><a href=\"http:\/\/consulteumadvogado.com.br\/index.php\/areas-de-atuacao\/lgpd\/\" data-type=\"page\" data-id=\"101\">LGPD<\/a><\/li>\n\n\n\n<li><a href=\"http:\/\/consulteumadvogado.com.br\/index.php\/areas-de-atuacao\/penal\/\" data-type=\"page\" data-id=\"57\">Penal<\/a><\/li>\n\n\n\n<li><a href=\"http:\/\/consulteumadvogado.com.br\/index.php\/areas-de-atuacao\/previdenciario\/\" data-type=\"page\" data-id=\"103\">Previdenci\u00e1rio<\/a><\/li>\n\n\n\n<li><a href=\"http:\/\/consulteumadvogado.com.br\/index.php\/areas-de-atuacao\/trabalhista\/\" data-type=\"page\" data-id=\"59\">Trabalhista<\/a><\/li>\n\n\n\n<li><a href=\"http:\/\/consulteumadvogado.com.br\/index.php\/areas-de-atuacao\/tribunal-do-juri\/\" data-type=\"page\" data-id=\"141\">Tribunal do J\u00fari<\/a><\/li>\n\n\n\n<li><a href=\"http:\/\/consulteumadvogado.com.br\/index.php\/areas-de-atuacao\/tributario-administrativo\/\" data-type=\"page\" data-id=\"61\">Tribut\u00e1rio \/ Administrativo<\/a><\/li>\n<\/ul>\n","protected":false},"excerpt":{"rendered":"<p>Com mais de 30 anos de experi\u00eancia e muitos casos de relev\u00e2ncia, a Tchirichian Advogados Associados atua nas seguintes \u00e1reas:<\/p>\n","protected":false},"author":1,"featured_media":0,"parent":0,"menu_order":0,"comment_status":"closed","ping_status":"closed","template":"","meta":{"footnotes":""},"class_list":["post-36","page","type-page","status-publish","hentry"],"_links":{"self":[{"href":"http:\/\/consulteumadvogado.com.br\/index.php\/wp-json\/wp\/v2\/pages\/36","targetHints":{"allow":["GET"]}}],"collection":[{"href":"http:\/\/consulteumadvogado.com.br\/index.php\/wp-json\/wp\/v2\/pages"}],"about":[{"href":"http:\/\/consulteumadvogado.com.br\/index.php\/wp-json\/wp\/v2\/types\/page"}],"author":[{"embeddable":true,"href":"http:\/\/consulteumadvogado.com.br\/index.php\/wp-json\/wp\/v2\/users\/1"}],"replies":[{"embeddable":true,"href":"http:\/\/consulteumadvogado.com.br\/index.php\/wp-json\/wp\/v2\/comments?post=36"}],"version-history":[{"count":8,"href":"http:\/\/consulteumadvogado.com.br\/index.php\/wp-json\/wp\/v2\/pages\/36\/revisions"}],"predecessor-version":[{"id":144,"href":"http:\/\/consulteumadvogado.com.br\/index.php\/wp-json\/wp\/v2\/pages\/36\/revisions\/144"}],"wp:attachment":[{"href":"http:\/\/consulteumadvogado.com.br\/index.php\/wp-json\/wp\/v2\/media?parent=36"}],"curies":[{"name":"wp","href":"https:\/\/api.w.org\/{rel}","templated":true}]}}