{"id":25,"date":"2023-05-16T17:24:47","date_gmt":"2023-05-16T20:24:47","guid":{"rendered":"http:\/\/consulteumadvogado.com.br\/?page_id=25"},"modified":"2023-08-31T14:51:00","modified_gmt":"2023-08-31T17:51:00","slug":"inicio","status":"publish","type":"page","link":"http:\/\/consulteumadvogado.com.br\/","title":{"rendered":"In\u00edcio"},"content":{"rendered":"\n<p><strong>UM AMPLO LEQUE DE SERVI\u00c7OS<\/strong><\/p>\n\n\n\n<h4 class=\"wp-block-heading\"><em>Parcerias arrojadas e \u00e1geis, alicer\u00e7adas por um atendimento personalizado<\/em>.<\/h4>\n\n\n\n<h4 class=\"wp-block-heading\">\u00c9 desta forma que&nbsp;<strong>Tchirichian Advogados Associados<\/strong>&nbsp;vem assessorando empresas e pessoas f\u00edsicas nas diversas vertentes do Direito Civil, Comercial, Empresarial, na Importa\u00e7\u00e3o e Exporta\u00e7\u00e3o, Tribut\u00e1rio e Trabalhista.<\/h4>\n\n\n\n<h4 class=\"wp-block-heading\">Formada por advogados associados, assistentes jur\u00eddicos e um grupo de apoio legal,&nbsp;<strong>Tchirichian Advogados Associados<\/strong>&nbsp;presta servi\u00e7os a empresas nacionais e estrangeiras, entidades diversas, bem como institui\u00e7\u00f5es financeiras e de seguros.<\/h4>\n\n\n\n<h4 class=\"wp-block-heading\">A&nbsp;<strong>Tchirichian Advogados Associados<\/strong>&nbsp;apresenta s\u00f3lida e din\u00e2mica trajet\u00f3ria profissional, o que a credencia a um amplo leque de servi\u00e7os, efetuando consultoria preventiva, elaborando pareceres e atuando plenamente no contencioso.<\/h4>\n\n\n\n<h4 class=\"wp-block-heading\">O item\u00a0<a href=\"http:\/\/consulteumadvogado.com.br\/index.php\/consultas\/\" data-type=\"page\" data-id=\"38\">Consulta Online<\/a>\u00a0do menu ativa o canal de atendimento a d\u00favidas e solicita\u00e7\u00e3o de servi\u00e7os do site. Al\u00e9m desses servi\u00e7os, os\u00a0<strong>Clientes<\/strong>\u00a0da Tchirichian podem enviar breves consultas que, tratadas com prioridade, ser\u00e3o respondidas em 24 horas.<\/h4>\n\n\n\n<p>_____________________________________________________________________________<\/p>\n\n\n\n<p><strong>DECLARA\u00c7\u00c3O DE CI\u00caNCIA A LEI GERAL DE PROTE\u00c7\u00c3O DE DADOS<\/strong><\/p>\n\n\n\n<p>Declaramos estar cientes da Lei de n.\u00ba 13.709 de 14 de agosto de 2018 \u2013\u00a0<a rel=\"noreferrer noopener\" href=\"http:\/\/www.planalto.gov.br\/ccivil_03\/_ato2015-2018\/2018\/lei\/L13709.htm\" target=\"_blank\">Lei Geral de Prote\u00e7\u00e3o de Dados<\/a>. Declaramos ainda que nossa plataforma n\u00e3o coleta nenhuma esp\u00e9cie de dado pessoal, e que todas as informa\u00e7\u00f5es submetidas \u00e0 consulta online ou por meio do saj@consulteumadvogado.com.br  seguem criteriosamente a conduta do C\u00f3digo de \u00c9tica e Disciplina da OAB e s\u00e3o tratadas com total sigilo profissional.<\/p>\n\n\n\n<p><strong>Dr. Roberto Tchirichian.<\/strong><\/p>\n","protected":false},"excerpt":{"rendered":"<p>UM AMPLO LEQUE DE SERVI\u00c7OS Parcerias arrojadas e \u00e1geis, alicer\u00e7adas por um atendimento personalizado. \u00c9 desta forma que&nbsp;Tchirichian Advogados Associados&nbsp;vem assessorando empresas e pessoas f\u00edsicas nas diversas vertentes do Direito <a class=\"more-link\" href=\"http:\/\/consulteumadvogado.com.br\/\">Continue Reading &rarr;<\/a><\/p>\n","protected":false},"author":1,"featured_media":0,"parent":0,"menu_order":0,"comment_status":"closed","ping_status":"closed","template":"","meta":{"footnotes":""},"class_list":["post-25","page","type-page","status-publish","hentry"],"_links":{"self":[{"href":"http:\/\/consulteumadvogado.com.br\/index.php\/wp-json\/wp\/v2\/pages\/25","targetHints":{"allow":["GET"]}}],"collection":[{"href":"http:\/\/consulteumadvogado.com.br\/index.php\/wp-json\/wp\/v2\/pages"}],"about":[{"href":"http:\/\/consulteumadvogado.com.br\/index.php\/wp-json\/wp\/v2\/types\/page"}],"author":[{"embeddable":true,"href":"http:\/\/consulteumadvogado.com.br\/index.php\/wp-json\/wp\/v2\/users\/1"}],"replies":[{"embeddable":true,"href":"http:\/\/consulteumadvogado.com.br\/index.php\/wp-json\/wp\/v2\/comments?post=25"}],"version-history":[{"count":5,"href":"http:\/\/consulteumadvogado.com.br\/index.php\/wp-json\/wp\/v2\/pages\/25\/revisions"}],"predecessor-version":[{"id":155,"href":"http:\/\/consulteumadvogado.com.br\/index.php\/wp-json\/wp\/v2\/pages\/25\/revisions\/155"}],"wp:attachment":[{"href":"http:\/\/consulteumadvogado.com.br\/index.php\/wp-json\/wp\/v2\/media?parent=25"}],"curies":[{"name":"wp","href":"https:\/\/api.w.org\/{rel}","templated":true}]}}