{"id":141,"date":"2023-08-31T14:19:21","date_gmt":"2023-08-31T17:19:21","guid":{"rendered":"http:\/\/consulteumadvogado.com.br\/?page_id=141"},"modified":"2023-08-31T14:23:03","modified_gmt":"2023-08-31T17:23:03","slug":"tribunal-do-juri","status":"publish","type":"page","link":"http:\/\/consulteumadvogado.com.br\/index.php\/areas-de-atuacao\/tribunal-do-juri\/","title":{"rendered":"Tribunal do J\u00fari"},"content":{"rendered":"\n<p>O Tribunal do J\u00fari tem compet\u00eancia para julgar crimes dolosos contra a vida: homic\u00eddio doloso, dolo eventual, infantic\u00eddio, aborto, aux\u00edlio, induzimento ou instiga\u00e7\u00e3o ao suic\u00eddio, em suas formas tentadas ou consumadas.<\/p>\n\n\n\n<p>Nosso escrit\u00f3rio tem vasta experi\u00eancia e especial estima pela atua\u00e7\u00e3o no Tribunal do J\u00fari, e em todos os casos trabalhamos de forma veemente pela plenitude de defesa de nossos clientes.<\/p>\n\n\n\n<p><\/p>\n","protected":false},"excerpt":{"rendered":"<p>O Tribunal do J\u00fari tem compet\u00eancia para julgar crimes dolosos contra a vida: homic\u00eddio doloso, dolo eventual, infantic\u00eddio, aborto, aux\u00edlio, induzimento ou instiga\u00e7\u00e3o ao suic\u00eddio, em suas formas tentadas ou <a class=\"more-link\" href=\"http:\/\/consulteumadvogado.com.br\/index.php\/areas-de-atuacao\/tribunal-do-juri\/\">Continue Reading &rarr;<\/a><\/p>\n","protected":false},"author":1,"featured_media":0,"parent":36,"menu_order":0,"comment_status":"closed","ping_status":"closed","template":"","meta":{"footnotes":""},"class_list":["post-141","page","type-page","status-publish","hentry"],"_links":{"self":[{"href":"http:\/\/consulteumadvogado.com.br\/index.php\/wp-json\/wp\/v2\/pages\/141","targetHints":{"allow":["GET"]}}],"collection":[{"href":"http:\/\/consulteumadvogado.com.br\/index.php\/wp-json\/wp\/v2\/pages"}],"about":[{"href":"http:\/\/consulteumadvogado.com.br\/index.php\/wp-json\/wp\/v2\/types\/page"}],"author":[{"embeddable":true,"href":"http:\/\/consulteumadvogado.com.br\/index.php\/wp-json\/wp\/v2\/users\/1"}],"replies":[{"embeddable":true,"href":"http:\/\/consulteumadvogado.com.br\/index.php\/wp-json\/wp\/v2\/comments?post=141"}],"version-history":[{"count":3,"href":"http:\/\/consulteumadvogado.com.br\/index.php\/wp-json\/wp\/v2\/pages\/141\/revisions"}],"predecessor-version":[{"id":145,"href":"http:\/\/consulteumadvogado.com.br\/index.php\/wp-json\/wp\/v2\/pages\/141\/revisions\/145"}],"up":[{"embeddable":true,"href":"http:\/\/consulteumadvogado.com.br\/index.php\/wp-json\/wp\/v2\/pages\/36"}],"wp:attachment":[{"href":"http:\/\/consulteumadvogado.com.br\/index.php\/wp-json\/wp\/v2\/media?parent=141"}],"curies":[{"name":"wp","href":"https:\/\/api.w.org\/{rel}","templated":true}]}}