{"id":101,"date":"2023-05-17T19:12:49","date_gmt":"2023-05-17T22:12:49","guid":{"rendered":"http:\/\/consulteumadvogado.com.br\/?page_id=101"},"modified":"2023-08-31T13:48:48","modified_gmt":"2023-08-31T16:48:48","slug":"lgpd","status":"publish","type":"page","link":"http:\/\/consulteumadvogado.com.br\/index.php\/areas-de-atuacao\/lgpd\/","title":{"rendered":"LGPD"},"content":{"rendered":"\n<p><strong>Lei Geral de Prote\u00e7\u00e3o de Dados<\/strong><\/p>\n\n\n\n<figure class=\"wp-block-image size-full\"><img loading=\"lazy\" decoding=\"async\" width=\"930\" height=\"450\" src=\"http:\/\/consulteumadvogado.com.br\/wp-content\/uploads\/2023\/08\/lgpd.jpg\" alt=\"\" class=\"wp-image-132\" srcset=\"http:\/\/consulteumadvogado.com.br\/wp-content\/uploads\/2023\/08\/lgpd.jpg 930w, http:\/\/consulteumadvogado.com.br\/wp-content\/uploads\/2023\/08\/lgpd-300x145.jpg 300w, http:\/\/consulteumadvogado.com.br\/wp-content\/uploads\/2023\/08\/lgpd-768x372.jpg 768w\" sizes=\"auto, (max-width: 930px) 100vw, 930px\" \/><\/figure>\n\n\n\n<p> <p class=\"MsoNormal\">Adequar-se \u00e0 lei tornou-se portanto mais do que recomend\u00e1vel, mas necess\u00e1rio para evitar transtornos jur\u00eddicos e at\u00e9 mesmo financeiros.<span style=\"font-size: revert;\"> <\/span>A fim de esclarecer as d\u00favidas sobre o tema, colocamo-nos a disposi\u00e7\u00e3o, e destacamos ainda algumas dicas que ir\u00e3o ajud\u00e1-lo a adequar a sua empresa \u00e0 <strong>LGPD<\/strong>.<\/p><strong> 1. Compreenda as diretrizes da lei<\/strong><\/p>\n\n\n\n<p>Para se adequar aos princ\u00edpios da LGPD, primeiramente \u00e9 preciso compreender quais s\u00e3o as principais diretrizes que guiam a lei. \u00c9 com base nisso que todas as novas exig\u00eancias foram criadas. Assim, voc\u00ea poder\u00e1 revisar os seus processos internos.<\/p>\n\n\n\n<p>Entre as diretrizes previstas na LGPD, est\u00e3o: finalidade, adequa\u00e7\u00e3o, necessidade, livre acesso, qualidade dos dados, transpar\u00eancia, seguran\u00e7a, preven\u00e7\u00e3o, n\u00e3o discrimina\u00e7\u00e3o, bem como, responsabiliza\u00e7\u00e3o e presta\u00e7\u00e3o de contas. Saiba mais sobre as diretrizes da lei.<\/p>\n\n\n\n<p><strong>2. Conscientize a sua empresa sobre os princ\u00edpios da LGPD<\/strong><\/p>\n\n\n\n<p>N\u00e3o basta apenas que a empresa tenha consci\u00eancia a respeito das normas da LGPD. \u00c9 preciso que toda a organiza\u00e7\u00e3o se adapte a essa nova realidade.<\/p>\n\n\n\n<p>Nesse sentido, \u00e9 preciso que todos os colaboradores estejam comprometidos \u00e0 levar a s\u00e9rio a necessidade de prote\u00e7\u00e3o dos dados de usu\u00e1rios. Ou seja, \u00e9 preciso que seja uma cultura da empresa o respeito \u00e0s pol\u00edticas de seguran\u00e7a.<\/p>\n\n\n\n<p>Contudo, fa\u00e7a uma coleta consciente. Isto \u00e9, com o consentimento do titular dos dados. E, lembre-se, colete apenas dados essenciais.<\/p>\n\n\n\n<p><strong>3. Defina uma equipe respons\u00e1vel pelos dados<\/strong><\/p>\n\n\n\n<p>Definir os respons\u00e1veis \u00e9 muito importante para garantir a efici\u00eancia no processo. As novas diretrizes da LGPD n\u00e3o permitem uma flexibilidade nesse ponto.<\/p>\n\n\n\n<p>Sendo assim, toda a empresa que realiza tratamento de dados pessoais precisa apontar um encarregado pelos dados. Ou seja, uma pessoa que ser\u00e1 repsons\u00e1vel por intermediar a opera\u00e7\u00e3o e o processamento de dados.<\/p>\n\n\n\n<p>Entretanto, \u00e9 importante ter tamb\u00e9m uma equipe respons\u00e1vel pelo tratamento de dados do seu neg\u00f3cio. Essa equipe \u00e9 a que ficar\u00e1 encarregada de controlar o acesso \u00e0s informa\u00e7\u00f5es, ajudar a prevenir falhas e a elaborar um plano de riscos em casos de vazamento.<\/p>\n\n\n\n<p>Portanto, \u00e9 necess\u00e1rio que esses profissionais tenham conhecimento sobre as normas e entendam de compliance de prote\u00e7\u00e3o de dados.<\/p>\n\n\n\n<p><strong>4. Revise as pol\u00edticas de seguran\u00e7a de dados<\/strong><\/p>\n\n\n\n<p>\u00c9 importante saber como funciona o processo de capta\u00e7\u00e3o de dados dentro da sua empresa, quem tem acesso e como \u00e9 feito o processamento desses dados. Afinal, novas exig\u00eancias foram criadas e novos processos precisam ser incorporados.<\/p>\n\n\n\n<p>Dessa forma, ser\u00e1 poss\u00edvel avaliar e revisar os processos internos e ver se est\u00e3o de acordo com as diretrizes.<\/p>\n\n\n\n<p><strong>5. Adote solu\u00e7\u00f5es de prote\u00e7\u00e3o e preven\u00e7\u00e3o de ataques<\/strong><\/p>\n\n\n\n<p>De acordo com as novas diretrizes, as empresas devem utilizar medidas t\u00e9cnicas para proteger os dados de seus usu\u00e1rios. Dessa forma, ficam prevenidas de ataques, vazamentos ou at\u00e9 mesmo amea\u00e7as.<\/p>\n\n\n\n<p>Adotar uma solu\u00e7\u00e3o de prote\u00e7\u00e3o de e-mail, por exemplo, pode ser uma alternativa. Afinal, o e-mail \u00e9, hoje em dia, uma das principais porta de entrada de amea\u00e7as.<\/p>\n\n\n\n<p>Conhe\u00e7a tamb\u00e9m um segmento que \u00e9 um aliado as novas diretrizes: <strong>o marketing de permiss\u00e3o.<\/strong><\/p>\n\n\n\n<p><\/p>\n","protected":false},"excerpt":{"rendered":"<p>Lei Geral de Prote\u00e7\u00e3o de Dados Adequar-se \u00e0 lei tornou-se portanto mais do que recomend\u00e1vel, mas necess\u00e1rio para evitar transtornos jur\u00eddicos e at\u00e9 mesmo financeiros. A fim de esclarecer as <a class=\"more-link\" href=\"http:\/\/consulteumadvogado.com.br\/index.php\/areas-de-atuacao\/lgpd\/\">Continue Reading &rarr;<\/a><\/p>\n","protected":false},"author":1,"featured_media":0,"parent":36,"menu_order":0,"comment_status":"closed","ping_status":"closed","template":"","meta":{"footnotes":""},"class_list":["post-101","page","type-page","status-publish","hentry"],"_links":{"self":[{"href":"http:\/\/consulteumadvogado.com.br\/index.php\/wp-json\/wp\/v2\/pages\/101","targetHints":{"allow":["GET"]}}],"collection":[{"href":"http:\/\/consulteumadvogado.com.br\/index.php\/wp-json\/wp\/v2\/pages"}],"about":[{"href":"http:\/\/consulteumadvogado.com.br\/index.php\/wp-json\/wp\/v2\/types\/page"}],"author":[{"embeddable":true,"href":"http:\/\/consulteumadvogado.com.br\/index.php\/wp-json\/wp\/v2\/users\/1"}],"replies":[{"embeddable":true,"href":"http:\/\/consulteumadvogado.com.br\/index.php\/wp-json\/wp\/v2\/comments?post=101"}],"version-history":[{"count":3,"href":"http:\/\/consulteumadvogado.com.br\/index.php\/wp-json\/wp\/v2\/pages\/101\/revisions"}],"predecessor-version":[{"id":133,"href":"http:\/\/consulteumadvogado.com.br\/index.php\/wp-json\/wp\/v2\/pages\/101\/revisions\/133"}],"up":[{"embeddable":true,"href":"http:\/\/consulteumadvogado.com.br\/index.php\/wp-json\/wp\/v2\/pages\/36"}],"wp:attachment":[{"href":"http:\/\/consulteumadvogado.com.br\/index.php\/wp-json\/wp\/v2\/media?parent=101"}],"curies":[{"name":"wp","href":"https:\/\/api.w.org\/{rel}","templated":true}]}}